{"id":4494,"date":"2025-06-19T00:07:16","date_gmt":"2025-06-19T06:07:16","guid":{"rendered":"https:\/\/ritvales.shop-hausetravel.com\/?post_type=product&#038;p=4494"},"modified":"2026-02-27T17:57:31","modified_gmt":"2026-02-27T23:57:31","slug":"habitacion-superior2p-8","status":"publish","type":"product","link":"https:\/\/ritvales.shop-hausetravel.com\/en\/experience-hta\/festival\/hospedaje\/habitacion-superior2p-8\/","title":{"rendered":"Superior Room (2P)"},"content":{"rendered":"<p>*<em>Las fotograf\u00edas y descripci\u00f3n son ilustrativas, podr\u00edan cambiar sin aviso previo.<\/em><\/p>","protected":false},"excerpt":{"rendered":"<p>The hotel offers rooms with air conditioning, a desk, coffee maker, refrigerator, minibar, safe, flat-screen TV, and a private bathroom with a shower. All rooms include a closet.<\/p>","protected":false},"featured_media":0,"template":"","meta":[],"product_brand":[],"product_cat":[99,101,98,106],"product_tag":[111,108,125],"class_list":{"0":"post-4494","1":"product","2":"type-product","3":"status-publish","5":"product_cat-5-dias","6":"product_cat-festival","7":"product_cat-hospedaje","8":"product_cat-rooms30","9":"product_tag-indiv","10":"product_tag-room","11":"product_tag-sin_ticket","13":"first","14":"instock","15":"virtual","16":"purchasable","17":"product-type-simple"},"wcpa_form_fields":null,"_links":{"self":[{"href":"https:\/\/ritvales.shop-hausetravel.com\/en\/wp-json\/wp\/v2\/product\/4494","targetHints":{"allow":["GET"]}}],"collection":[{"href":"https:\/\/ritvales.shop-hausetravel.com\/en\/wp-json\/wp\/v2\/product"}],"about":[{"href":"https:\/\/ritvales.shop-hausetravel.com\/en\/wp-json\/wp\/v2\/types\/product"}],"wp:attachment":[{"href":"https:\/\/ritvales.shop-hausetravel.com\/en\/wp-json\/wp\/v2\/media?parent=4494"}],"wp:term":[{"taxonomy":"product_brand","embeddable":true,"href":"https:\/\/ritvales.shop-hausetravel.com\/en\/wp-json\/wp\/v2\/product_brand?post=4494"},{"taxonomy":"product_cat","embeddable":true,"href":"https:\/\/ritvales.shop-hausetravel.com\/en\/wp-json\/wp\/v2\/product_cat?post=4494"},{"taxonomy":"product_tag","embeddable":true,"href":"https:\/\/ritvales.shop-hausetravel.com\/en\/wp-json\/wp\/v2\/product_tag?post=4494"}],"curies":[{"name":"wp","href":"https:\/\/api.w.org\/{rel}","templated":true}]}}