{"id":4478,"date":"2025-06-19T00:06:58","date_gmt":"2025-06-19T06:06:58","guid":{"rendered":"https:\/\/ritvales.shop-hausetravel.com\/?post_type=product&#038;p=4478"},"modified":"2026-02-27T17:57:29","modified_gmt":"2026-02-27T23:57:29","slug":"habitacion-ejecutiva-1p-13","status":"publish","type":"product","link":"https:\/\/ritvales.shop-hausetravel.com\/en\/experience-hta\/festival\/hospedaje\/habitacion-ejecutiva-1p-13\/","title":{"rendered":"Executive Room (1P)"},"content":{"rendered":"<p>*<em>Las fotograf\u00edas y descripci\u00f3n son ilustrativas, podr\u00edan cambiar sin aviso previo.<\/em><\/p>","protected":false},"excerpt":{"rendered":"<p>The rooms feature a flat-screen TV with satellite channels and a private bathroom. Viaggio Medell\u00edn Select offers free Wi-Fi throughout the property.<\/p>","protected":false},"featured_media":0,"template":"","meta":[],"product_brand":[],"product_cat":[99,101,98,106],"product_tag":[112,108,125],"class_list":{"0":"post-4478","1":"product","2":"type-product","3":"status-publish","5":"product_cat-5-dias","6":"product_cat-festival","7":"product_cat-hospedaje","8":"product_cat-rooms30","9":"product_tag-combo","10":"product_tag-room","11":"product_tag-sin_ticket","13":"first","14":"instock","15":"virtual","16":"purchasable","17":"product-type-simple"},"wcpa_form_fields":null,"_links":{"self":[{"href":"https:\/\/ritvales.shop-hausetravel.com\/en\/wp-json\/wp\/v2\/product\/4478","targetHints":{"allow":["GET"]}}],"collection":[{"href":"https:\/\/ritvales.shop-hausetravel.com\/en\/wp-json\/wp\/v2\/product"}],"about":[{"href":"https:\/\/ritvales.shop-hausetravel.com\/en\/wp-json\/wp\/v2\/types\/product"}],"wp:attachment":[{"href":"https:\/\/ritvales.shop-hausetravel.com\/en\/wp-json\/wp\/v2\/media?parent=4478"}],"wp:term":[{"taxonomy":"product_brand","embeddable":true,"href":"https:\/\/ritvales.shop-hausetravel.com\/en\/wp-json\/wp\/v2\/product_brand?post=4478"},{"taxonomy":"product_cat","embeddable":true,"href":"https:\/\/ritvales.shop-hausetravel.com\/en\/wp-json\/wp\/v2\/product_cat?post=4478"},{"taxonomy":"product_tag","embeddable":true,"href":"https:\/\/ritvales.shop-hausetravel.com\/en\/wp-json\/wp\/v2\/product_tag?post=4478"}],"curies":[{"name":"wp","href":"https:\/\/api.w.org\/{rel}","templated":true}]}}