{"id":4472,"date":"2025-06-19T00:06:57","date_gmt":"2025-06-19T06:06:57","guid":{"rendered":"https:\/\/ritvales.shop-hausetravel.com\/?post_type=product&#038;p=4472"},"modified":"2026-02-27T17:57:29","modified_gmt":"2026-02-27T23:57:29","slug":"habitacion-estandar-1p-2","status":"publish","type":"product","link":"https:\/\/ritvales.shop-hausetravel.com\/en\/experience-hta\/festival\/hospedaje\/habitacion-estandar-1p-2\/","title":{"rendered":"Standard Room (1P)"},"content":{"rendered":"<p>*<em>Las fotograf\u00edas y descripci\u00f3n son ilustrativas, podr\u00edan cambiar sin aviso previo.<\/em><\/p>","protected":false},"excerpt":{"rendered":"<p><span style=\"font-weight: 400;\">The Click Clack Hotel Medell\u00edn ofrece <\/span><span style=\"font-weight: 400;\">habitaciones que brindan comodidades como aire acondicionado, TV de pantalla plana, ba\u00f1o privado con <\/span><span style=\"font-weight: 400;\">amenidades gratuitas <\/span><span style=\"font-weight: 400;\">y wifi gratis.<\/span><\/p>\n<div id=\"ag-1749749015563\"><\/div>","protected":false},"featured_media":0,"template":"","meta":[],"product_brand":[],"product_cat":[100,101,98,105],"product_tag":[111,108,125],"class_list":{"0":"post-4472","1":"product","2":"type-product","3":"status-publish","5":"product_cat-4-dias","6":"product_cat-festival","7":"product_cat-hospedaje","8":"product_cat-rooms31","9":"product_tag-indiv","10":"product_tag-room","11":"product_tag-sin_ticket","13":"first","14":"instock","15":"virtual","16":"purchasable","17":"product-type-simple"},"wcpa_form_fields":null,"_links":{"self":[{"href":"https:\/\/ritvales.shop-hausetravel.com\/en\/wp-json\/wp\/v2\/product\/4472","targetHints":{"allow":["GET"]}}],"collection":[{"href":"https:\/\/ritvales.shop-hausetravel.com\/en\/wp-json\/wp\/v2\/product"}],"about":[{"href":"https:\/\/ritvales.shop-hausetravel.com\/en\/wp-json\/wp\/v2\/types\/product"}],"wp:attachment":[{"href":"https:\/\/ritvales.shop-hausetravel.com\/en\/wp-json\/wp\/v2\/media?parent=4472"}],"wp:term":[{"taxonomy":"product_brand","embeddable":true,"href":"https:\/\/ritvales.shop-hausetravel.com\/en\/wp-json\/wp\/v2\/product_brand?post=4472"},{"taxonomy":"product_cat","embeddable":true,"href":"https:\/\/ritvales.shop-hausetravel.com\/en\/wp-json\/wp\/v2\/product_cat?post=4472"},{"taxonomy":"product_tag","embeddable":true,"href":"https:\/\/ritvales.shop-hausetravel.com\/en\/wp-json\/wp\/v2\/product_tag?post=4472"}],"curies":[{"name":"wp","href":"https:\/\/api.w.org\/{rel}","templated":true}]}}