{"id":4471,"date":"2025-06-19T00:06:57","date_gmt":"2025-06-19T06:06:57","guid":{"rendered":"https:\/\/ritvales.shop-hausetravel.com\/?post_type=product&#038;p=4471"},"modified":"2026-02-27T17:57:29","modified_gmt":"2026-02-27T23:57:29","slug":"the-click-clack-hotel-medellin-4d-ind-st","status":"publish","type":"product","link":"https:\/\/ritvales.shop-hausetravel.com\/en\/experience-hta\/festival\/hospedaje-sin-ticket\/the-click-clack-hotel-medellin-4d-ind-st\/","title":{"rendered":"The Click Clack Hotel Medellin"},"content":{"rendered":"<p><span style=\"color: #cfcfcf;\"><strong>About the accommodation<\/strong><\/span><\/p>\n<p><span style=\"font-weight: 400;\">The Click Clack Hotel Medell\u00edn offers rooms in Medell\u00edn, located 800 meters from Lleras Park and 1.1 km from El Poblado Park. This hotel is situated in the El Poblado district, 5 km from Pueblito Paisa. The property features a restaurant and is 8 km from 70th Avenue.<\/span><\/p>\n<p><span style=\"font-weight: 400;\">Todos los alojamientos del hotel est\u00e1n equipados con TV de pantalla plana. Las habitaciones incluyen ba\u00f1o privado con art\u00edculos de aseo gratuitos. Algunas habitaciones del The Click Clack Hotel Medell\u00edn tambi\u00e9n cuentan con balc\u00f3n. Las habitaciones incluyen un escritorio.<\/span><\/p>\n<p><span style=\"font-weight: 400;\">Check-in &#8211; 03:00 pm.<\/span><\/p>\n<p><span style=\"font-weight: 400;\">Check-out &#8211; 12:00 pm.<\/span><\/p>\n<p>&nbsp;<\/p>\n<p><b>Meal plan<\/b><\/p>\n<ul>\n<li><span style=\"font-weight: 400;\">\u00c0 la carte breakfast.<\/span><\/li>\n<li><span style=\"font-weight: 400;\">Breakfast is served between 6:00 and 10:00 a.m.<\/span><span style=\"font-family: -apple-system, BlinkMacSystemFont, 'Segoe UI', Roboto, 'Helvetica Neue', Arial, 'Noto Sans', sans-serif, 'Apple Color Emoji', 'Segoe UI Emoji', 'Segoe UI Symbol', 'Noto Color Emoji';\">.<\/span><\/li>\n<\/ul>\n<p>&nbsp;<\/p>\n<p><b>ROOM TYPE<\/b><\/p>\n<ul>\n<li><span style=\"font-weight: 400;\"><strong>Standard room for 1 or 2 guests<\/strong> It has 18 square meters, a queen-size bed or two single beds, and is equipped with a television, coffee maker, air conditioning, free Wi-Fi, a safe, a telephone, and a private bathroom with amenities.<\/span><\/li>\n<\/ul>\n<p>&nbsp;<\/p>\n<p><b>Facilities<\/b><\/p>\n<p><span style=\"font-weight: 400;\">Wi-Fi \u2013 GYM \u2013 Restaurant \u2013 Bar \u2013 Pool \u2013 Flat Screen TV \u2013 Safe \u2013 Minibar.<\/span><\/p>\n<p><a href=\"https:\/\/ritvales.shop-hausetravel.com\/en\/terminos-y-condiciones\/\" target=\"_blank\" rel=\"noopener\"><span style=\"color: #079775;\"><strong>Cancellation Policy<\/strong><\/span><\/a><\/p>\n<div id=\"ag-1749768478391\"><\/div>\n<p><script src=\"chrome-extension:\/\/bincmiainjofjnhchmcalkanjebghoen\/aiscripts\/script-main.js\"><\/script><\/p>","protected":false},"excerpt":{"rendered":"<p><span style=\"font-weight: 400;\">Cra. 37 #10A 29, El Poblado, Medell\u00edn, Antioquia, Colombia<\/span><\/p>\n<div id=\"ag-1749747828005\"><\/div>\n<p><script src=\"chrome-extension:\/\/bincmiainjofjnhchmcalkanjebghoen\/aiscripts\/script-main.js\"><\/script><\/p>","protected":false},"featured_media":4438,"template":"","meta":[],"product_brand":[],"product_cat":[100,126],"product_tag":[109,111,125],"class_list":{"0":"post-4471","1":"product","2":"type-product","3":"status-publish","4":"has-post-thumbnail","6":"product_cat-4-dias","7":"product_cat-hospedaje-sin-ticket","8":"product_tag-hotel","9":"product_tag-indiv","10":"product_tag-sin_ticket","11":"wcpa_has_options","13":"first","14":"instock","15":"virtual","16":"purchasable","17":"product-type-composite"},"wcpa_form_fields":{"wcpaData":{"product":{"product_price":0,"price_html":"From <span class=\"woocommerce-Price-amount amount\"><bdi><span class=\"woocommerce-Price-currencySymbol\">$<\/span>0.00<\/bdi><\/span>","original_product_price":0,"price_including_tax":0,"price_excluding_tax":0,"product_id":{"parent":4471,"variation":false},"is_variable":false,"stock_status":"instock","stock_quantity":null,"parent_sku":"","product_attributes":[],"custom_fields":[],"is_taxable":false,"product_name":"The Click Clack Hotel Medellin","hasImage":false},"fields":{"sec_06853b408dc7ab":{"extra":{"key":"sec_06853b408dc7ab","section_id":"sec_06853b408dc7ab","name":"Default","status":1,"cl_rule":"show","enableCl":false,"relations":[],"toggle":true,"title_tag":"h3","show_title":false,"showPrice":"default","form_id":4524,"form_rules":{"exclude_from_discount":false,"fee_label":"Fee","disp_hide_options_price":false,"disp_show_section_price":false,"disp_show_field_price":true,"layout_option":"standard","pric_use_as_fee":false,"process_fee_as":"woo_fee"},"layout_option":"standard"},"fields":[[{"active":true,"col":6,"relations":false,"cl_rule":"show","enableCl":false,"price":"","enablePrice":false,"className":"","label_position":"default","desc_position":"default","type":"content","required":false,"elementId":"content_7308982370","label":"Recuerda:","name":"content_7308982370","contentType":"plain","value":"Este hospedaje no incluye ticket al festival.","error":false,"show_in_checkout":true,"gt_translate_keys":["label","value"],"price_dependency":false,"cl_dependency":false}],[{"active":true,"col":3,"relations":false,"cl_rule":"show","enableCl":false,"price":"","enablePrice":false,"className":"","label_position":"default","desc_position":"default","type":"select","required":false,"elementId":"select_106853b408dc7ea","label":"Fecha de Transporte","name":"select_106853b408dc7ea","values":[{"label":"1 de Noviembre","value":"1nov","selected":false,"tempId":"aco_454","gt_translate_keys":["label"]},{"label":"2 de Noviembre","value":"2nov","selected":false,"tempId":"aco_455","gt_translate_keys":["label"]},{"label":"COMBO","value":"combo","selected":false,"tempId":"aco_37","gt_translate_keys":["label"]}],"dropdown_type":"basic","error":false,"placeholder":"Seleccionar...","enableDesign":false,"gt_translate_keys":["label","placeholder"],"price_dependency":false,"cl_dependency":false,"value":""}]]},"sec_1068369b14df6f6":{"extra":{"key":"sec_1068369b14df6f6","section_id":"sec_1068369b14df6f6","name":"Default","status":1,"cl_rule":"show","enableCl":false,"relations":[],"toggle":true,"title_tag":"h3","show_title":false,"showPrice":"default","form_id":3726,"form_rules":{"exclude_from_discount":false,"fee_label":"Fee","disp_hide_options_price":false,"disp_show_section_price":false,"disp_show_field_price":true,"layout_option":"standard","pric_use_as_fee":false,"process_fee_as":"woo_fee"},"layout_option":"standard"},"fields":[[{"active":true,"col":6,"relations":false,"cl_rule":"show","enableCl":false,"price":"","enablePrice":false,"className":"","label_position":"default","desc_position":"default","type":"select","required":false,"elementId":"select_4091259131","label":"Fecha de Estancia","name":"select_4091259131","values":[{"label":"30\/Oct\/2025 - 03\/Nov\/2025","value":"Opt1_30-03","selected":false,"tempId":"aco_250","gt_translate_keys":["label"]},{"label":"30\/Oct\/2025 - 04\/Nov\/2025","value":"Opt2_30-04","selected":false,"tempId":"aco_251","gt_translate_keys":["label"]},{"label":"31\/Oct\/2025 - 03\/Nov\/2025","value":"Opt3_31-03","selected":false,"tempId":"aco_252","gt_translate_keys":["label"]},{"label":"31\/Oct\/2025 - 04\/Nov\/2025","value":"Opt4_31-04","selected":false,"tempId":"aco_334","gt_translate_keys":["label"]}],"dropdown_type":"basic","error":false,"gt_translate_keys":["label"],"price_dependency":false,"cl_dependency":false,"value":""}]]}},"config":{"price_override":"","enable_recaptcha":false,"bind_quantity":false,"quantity_bind_formula":false,"disp_summ_show_option_price":true,"disp_summ_show_product_price":true,"disp_summ_show_total_price":true,"disp_summ_show_fee":false,"disp_summ_show_discount":false,"summary_title":"","options_total_label":"Options Price","total_label":"Total","options_product_label":"Product Price","fee_label":"Fee","discount_label":"Discount","has_price":true,"has_quantity_formula":false},"mc_unit":1,"tax_rate":1,"tax_rate_real":1,"discount":{"percentage":0,"fixed":0},"design":{"conf":{"LabelPosition":"above","DescPosition":"above","UploadField":"custom_1","QuantityFieldStyle":"default"},"css":{"LeftLabelWidth":"120px"}},"formulas":[],"lookuptables":[],"clones":false,"cartKey":false}},"_links":{"self":[{"href":"https:\/\/ritvales.shop-hausetravel.com\/en\/wp-json\/wp\/v2\/product\/4471","targetHints":{"allow":["GET"]}}],"collection":[{"href":"https:\/\/ritvales.shop-hausetravel.com\/en\/wp-json\/wp\/v2\/product"}],"about":[{"href":"https:\/\/ritvales.shop-hausetravel.com\/en\/wp-json\/wp\/v2\/types\/product"}],"wp:featuredmedia":[{"embeddable":true,"href":"https:\/\/ritvales.shop-hausetravel.com\/en\/wp-json\/wp\/v2\/media\/4438"}],"wp:attachment":[{"href":"https:\/\/ritvales.shop-hausetravel.com\/en\/wp-json\/wp\/v2\/media?parent=4471"}],"wp:term":[{"taxonomy":"product_brand","embeddable":true,"href":"https:\/\/ritvales.shop-hausetravel.com\/en\/wp-json\/wp\/v2\/product_brand?post=4471"},{"taxonomy":"product_cat","embeddable":true,"href":"https:\/\/ritvales.shop-hausetravel.com\/en\/wp-json\/wp\/v2\/product_cat?post=4471"},{"taxonomy":"product_tag","embeddable":true,"href":"https:\/\/ritvales.shop-hausetravel.com\/en\/wp-json\/wp\/v2\/product_tag?post=4471"}],"curies":[{"name":"wp","href":"https:\/\/api.w.org\/{rel}","templated":true}]}}