{"id":4378,"date":"2025-06-11T21:10:19","date_gmt":"2025-06-12T03:10:19","guid":{"rendered":"https:\/\/ritvales.shop-hausetravel.com\/?post_type=product&#038;p=4378"},"modified":"2026-02-27T17:57:25","modified_gmt":"2026-02-27T23:57:25","slug":"habitacion-ejecutiva-1p-6","status":"publish","type":"product","link":"https:\/\/ritvales.shop-hausetravel.com\/en\/experience-hta\/festival\/hospedaje\/habitacion-ejecutiva-1p-6\/","title":{"rendered":"Standard Room (1P)"},"content":{"rendered":"<p>*<em>Las fotograf\u00edas y descripci\u00f3n son ilustrativas, podr\u00edan cambiar sin aviso previo.<\/em><\/p>\n<p>&nbsp;<\/p>","protected":false},"excerpt":{"rendered":"<p><span style=\"font-weight: 400;\">The Click Clack Hotel Medell\u00edn ofrece <\/span><span style=\"font-weight: 400;\">habitaciones que brindan comodidades como aire acondicionado, TV de pantalla plana, ba\u00f1o privado con <\/span><span style=\"font-weight: 400;\">amenidades gratuitas <\/span><span style=\"font-weight: 400;\">y wifi gratis.<\/span><\/p>\n<p><script src=\"chrome-extension:\/\/bincmiainjofjnhchmcalkanjebghoen\/aiscripts\/script-main.js\"><\/script><\/p>\n<div id=\"ag-1749748581231\"><\/div>\n<p><script src=\"chrome-extension:\/\/bincmiainjofjnhchmcalkanjebghoen\/aiscripts\/script-main.js\"><\/script><\/p>","protected":false},"featured_media":0,"template":"","meta":[],"product_brand":[],"product_cat":[100,101,98,105],"product_tag":[112,108],"class_list":{"0":"post-4378","1":"product","2":"type-product","3":"status-publish","5":"product_cat-4-dias","6":"product_cat-festival","7":"product_cat-hospedaje","8":"product_cat-rooms31","9":"product_tag-combo","10":"product_tag-room","12":"first","13":"instock","14":"virtual","15":"purchasable","16":"product-type-simple"},"wcpa_form_fields":null,"_links":{"self":[{"href":"https:\/\/ritvales.shop-hausetravel.com\/en\/wp-json\/wp\/v2\/product\/4378","targetHints":{"allow":["GET"]}}],"collection":[{"href":"https:\/\/ritvales.shop-hausetravel.com\/en\/wp-json\/wp\/v2\/product"}],"about":[{"href":"https:\/\/ritvales.shop-hausetravel.com\/en\/wp-json\/wp\/v2\/types\/product"}],"wp:attachment":[{"href":"https:\/\/ritvales.shop-hausetravel.com\/en\/wp-json\/wp\/v2\/media?parent=4378"}],"wp:term":[{"taxonomy":"product_brand","embeddable":true,"href":"https:\/\/ritvales.shop-hausetravel.com\/en\/wp-json\/wp\/v2\/product_brand?post=4378"},{"taxonomy":"product_cat","embeddable":true,"href":"https:\/\/ritvales.shop-hausetravel.com\/en\/wp-json\/wp\/v2\/product_cat?post=4378"},{"taxonomy":"product_tag","embeddable":true,"href":"https:\/\/ritvales.shop-hausetravel.com\/en\/wp-json\/wp\/v2\/product_tag?post=4378"}],"curies":[{"name":"wp","href":"https:\/\/api.w.org\/{rel}","templated":true}]}}