{"id":3509,"date":"2025-05-24T15:49:30","date_gmt":"2025-05-24T21:49:30","guid":{"rendered":"https:\/\/ritvales.shop-hausetravel.com\/?post_type=product&#038;p=3509"},"modified":"2026-02-27T17:57:22","modified_gmt":"2026-02-27T23:57:22","slug":"habitacion-ejecutiva-2p","status":"publish","type":"product","link":"https:\/\/ritvales.shop-hausetravel.com\/en\/experience-hta\/festival\/hospedaje\/habitacion-ejecutiva-2p\/","title":{"rendered":"Executive Room (2P)"},"content":{"rendered":"<p>*<em>Las fotograf\u00edas y descripci\u00f3n son ilustrativas, podr\u00edan cambiar sin aviso previo.<\/em><\/p>","protected":false},"excerpt":{"rendered":"<p>The rooms feature a flat-screen TV with satellite channels and a private bathroom. Viaggio Medell\u00edn Select offers free Wi-Fi throughout the property.<\/p>","protected":false},"featured_media":0,"template":"","meta":[],"product_brand":[],"product_cat":[99,101,98,106],"product_tag":[111,108],"class_list":{"0":"post-3509","1":"product","2":"type-product","3":"status-publish","5":"product_cat-5-dias","6":"product_cat-festival","7":"product_cat-hospedaje","8":"product_cat-rooms30","9":"product_tag-indiv","10":"product_tag-room","12":"first","13":"instock","14":"virtual","15":"purchasable","16":"product-type-simple"},"wcpa_form_fields":null,"_links":{"self":[{"href":"https:\/\/ritvales.shop-hausetravel.com\/en\/wp-json\/wp\/v2\/product\/3509","targetHints":{"allow":["GET"]}}],"collection":[{"href":"https:\/\/ritvales.shop-hausetravel.com\/en\/wp-json\/wp\/v2\/product"}],"about":[{"href":"https:\/\/ritvales.shop-hausetravel.com\/en\/wp-json\/wp\/v2\/types\/product"}],"wp:attachment":[{"href":"https:\/\/ritvales.shop-hausetravel.com\/en\/wp-json\/wp\/v2\/media?parent=3509"}],"wp:term":[{"taxonomy":"product_brand","embeddable":true,"href":"https:\/\/ritvales.shop-hausetravel.com\/en\/wp-json\/wp\/v2\/product_brand?post=3509"},{"taxonomy":"product_cat","embeddable":true,"href":"https:\/\/ritvales.shop-hausetravel.com\/en\/wp-json\/wp\/v2\/product_cat?post=3509"},{"taxonomy":"product_tag","embeddable":true,"href":"https:\/\/ritvales.shop-hausetravel.com\/en\/wp-json\/wp\/v2\/product_tag?post=3509"}],"curies":[{"name":"wp","href":"https:\/\/api.w.org\/{rel}","templated":true}]}}