{"id":2137,"date":"2025-03-13T00:24:27","date_gmt":"2025-03-13T06:24:27","guid":{"rendered":"https:\/\/dev-events.core-hausetravel.com\/?post_type=product&#038;p=2137"},"modified":"2026-02-27T17:57:20","modified_gmt":"2026-02-27T23:57:20","slug":"habitacion-doble-2p-ibis-copa-dv","status":"publish","type":"product","link":"https:\/\/ritvales.shop-hausetravel.com\/en\/experience-hta\/festival\/hospedaje\/habitacion-doble-2p-ibis-copa-dv\/","title":{"rendered":"Double Room (2P)"},"content":{"rendered":"<p>*<em>Las fotograf\u00edas y descripci\u00f3n son ilustrativas, podr\u00edan cambiar sin aviso previo.<\/em><\/p>\n<p>&nbsp;<\/p>","protected":false},"excerpt":{"rendered":"<p>The rooms feature a flat-screen TV with satellite channels and a private bathroom. Viaggio Medell\u00edn Select offers free Wi-Fi throughout the property.<\/p>","protected":false},"featured_media":0,"template":"","meta":[],"product_brand":[],"product_cat":[100,101,98,105],"product_tag":[112,108],"class_list":{"0":"post-2137","1":"product","2":"type-product","3":"status-publish","5":"product_cat-4-dias","6":"product_cat-festival","7":"product_cat-hospedaje","8":"product_cat-rooms31","9":"product_tag-combo","10":"product_tag-room","12":"first","13":"instock","14":"virtual","15":"purchasable","16":"product-type-simple"},"wcpa_form_fields":null,"_links":{"self":[{"href":"https:\/\/ritvales.shop-hausetravel.com\/en\/wp-json\/wp\/v2\/product\/2137","targetHints":{"allow":["GET"]}}],"collection":[{"href":"https:\/\/ritvales.shop-hausetravel.com\/en\/wp-json\/wp\/v2\/product"}],"about":[{"href":"https:\/\/ritvales.shop-hausetravel.com\/en\/wp-json\/wp\/v2\/types\/product"}],"wp:attachment":[{"href":"https:\/\/ritvales.shop-hausetravel.com\/en\/wp-json\/wp\/v2\/media?parent=2137"}],"wp:term":[{"taxonomy":"product_brand","embeddable":true,"href":"https:\/\/ritvales.shop-hausetravel.com\/en\/wp-json\/wp\/v2\/product_brand?post=2137"},{"taxonomy":"product_cat","embeddable":true,"href":"https:\/\/ritvales.shop-hausetravel.com\/en\/wp-json\/wp\/v2\/product_cat?post=2137"},{"taxonomy":"product_tag","embeddable":true,"href":"https:\/\/ritvales.shop-hausetravel.com\/en\/wp-json\/wp\/v2\/product_tag?post=2137"}],"curies":[{"name":"wp","href":"https:\/\/api.w.org\/{rel}","templated":true}]}}