{"id":1942,"date":"2025-03-10T18:42:45","date_gmt":"2025-03-11T00:42:45","guid":{"rendered":"https:\/\/dev-events.core-hausetravel.com\/?post_type=product&#038;p=1942"},"modified":"2026-02-27T17:57:20","modified_gmt":"2026-02-27T23:57:20","slug":"habitacion-superior-1p-ibis-sorocaba-2","status":"publish","type":"product","link":"https:\/\/ritvales.shop-hausetravel.com\/en\/experience-hta\/festival\/hospedaje\/habitacion-superior-1p-ibis-sorocaba-2\/","title":{"rendered":"Superior Room (2P)"},"content":{"rendered":"<p>*<em>Las fotograf\u00edas y descripci\u00f3n son ilustrativas, podr\u00edan cambiar sin aviso previo.<\/em><\/p>","protected":false},"excerpt":{"rendered":"<pre class=\"text-sm break-words whitespace-pre-wrap\">The hotel offers rooms with air conditioning, a desk, coffee maker, refrigerator, minibar, safe, flat-screen TV, and a private bathroom with a shower. All rooms include a closet.<\/pre>","protected":false},"featured_media":0,"template":"","meta":[],"product_brand":[],"product_cat":[99,101,98,106],"product_tag":[112,108],"class_list":{"0":"post-1942","1":"product","2":"type-product","3":"status-publish","5":"product_cat-5-dias","6":"product_cat-festival","7":"product_cat-hospedaje","8":"product_cat-rooms30","9":"product_tag-combo","10":"product_tag-room","12":"first","13":"instock","14":"virtual","15":"purchasable","16":"product-type-simple"},"wcpa_form_fields":null,"_links":{"self":[{"href":"https:\/\/ritvales.shop-hausetravel.com\/en\/wp-json\/wp\/v2\/product\/1942","targetHints":{"allow":["GET"]}}],"collection":[{"href":"https:\/\/ritvales.shop-hausetravel.com\/en\/wp-json\/wp\/v2\/product"}],"about":[{"href":"https:\/\/ritvales.shop-hausetravel.com\/en\/wp-json\/wp\/v2\/types\/product"}],"wp:attachment":[{"href":"https:\/\/ritvales.shop-hausetravel.com\/en\/wp-json\/wp\/v2\/media?parent=1942"}],"wp:term":[{"taxonomy":"product_brand","embeddable":true,"href":"https:\/\/ritvales.shop-hausetravel.com\/en\/wp-json\/wp\/v2\/product_brand?post=1942"},{"taxonomy":"product_cat","embeddable":true,"href":"https:\/\/ritvales.shop-hausetravel.com\/en\/wp-json\/wp\/v2\/product_cat?post=1942"},{"taxonomy":"product_tag","embeddable":true,"href":"https:\/\/ritvales.shop-hausetravel.com\/en\/wp-json\/wp\/v2\/product_tag?post=1942"}],"curies":[{"name":"wp","href":"https:\/\/api.w.org\/{rel}","templated":true}]}}